{"id":2,"date":"2025-05-08T11:36:16","date_gmt":"2025-05-08T11:36:16","guid":{"rendered":"https:\/\/theflordelamar.com\/?page_id=2"},"modified":"2025-05-26T16:29:28","modified_gmt":"2025-05-26T16:29:28","slug":"vizyon-misyon","status":"publish","type":"page","link":"https:\/\/theflordelamar.com\/?page_id=2","title":{"rendered":"Vizyon &#038; Misyon"},"content":{"rendered":"\n<p>Flor de la Mar Projesi olarak misyonumuz; yaln\u0131zca bir bat\u0131\u011f\u0131 g\u00fcn y\u00fcz\u00fcne \u00e7\u0131karmak de\u011fil, ayn\u0131 zamanda insanl\u0131k tarihine \u0131\u015f\u0131k tutacak bir ke\u015ffe \u00f6nc\u00fcl\u00fck etmektir. Bu do\u011frultuda;<\/p>\n\n\n\n<ul class=\"wp-block-list\">\n<li><strong>En ileri denizcilik ve arkeolojik teknolojileri<\/strong> kullanarak, Flor de la Mar\u2019\u0131n bulundu\u011fu b\u00f6lgeyi bilimsel y\u00f6ntemlerle ara\u015ft\u0131rmak ve bat\u0131\u011f\u0131 titizlikle kurtarmak,<\/li>\n\n\n\n<li>Elde edilen k\u00fclt\u00fcrel ve tarih\u00ee miras\u0131 <strong>insanl\u0131kla payla\u015f\u0131rken<\/strong>, projeye destek veren yat\u0131r\u0131mc\u0131lar\u0131m\u0131za <strong>y\u00fcksek katma de\u011ferli ve etik temelli bir yat\u0131r\u0131m f\u0131rsat\u0131<\/strong> sunmak,<\/li>\n\n\n\n<li>T\u00fcm operasyon s\u00fcrecinde, <strong>uluslararas\u0131 deniz hukuku, tarihi koruma ilkeleri ve profesyonel etik kurallara<\/strong> ba\u011fl\u0131 kalarak hareket etmek,<\/li>\n\n\n\n<li>Bu e\u015fsiz ke\u015ffi, gelece\u011fe iz b\u0131rakacak \u015fekilde belgelemek, korumak ve kamuya sunmak.<\/li>\n<\/ul>\n\n\n\n<p>Bu misyon do\u011frultusunda, tarih ile gelece\u011fi birle\u015ftiren bu b\u00fcy\u00fck yolculu\u011fu, sorumluluk bilinciyle ve s\u00fcrd\u00fcr\u00fclebilir de\u011fer yaratma vizyonuyla y\u00fcr\u00fct\u00fcyoruz.<\/p>\n","protected":false},"excerpt":{"rendered":"<p>Flor de la Mar Projesi olarak misyonumuz; yaln\u0131zca bir bat\u0131\u011f\u0131 g\u00fcn y\u00fcz\u00fcne \u00e7\u0131karmak de\u011fil, ayn\u0131 zamanda insanl\u0131k tarihine \u0131\u015f\u0131k tutacak bir ke\u015ffe \u00f6nc\u00fcl\u00fck etmektir. Bu do\u011frultuda; Bu misyon do\u011frultusunda, tarih ile gelece\u011fi birle\u015ftiren bu b\u00fcy\u00fck yolculu\u011fu, sorumluluk bilinciyle ve s\u00fcrd\u00fcr\u00fclebilir de\u011fer yaratma vizyonuyla y\u00fcr\u00fct\u00fcyoruz.<\/p>\n","protected":false},"author":1,"featured_media":0,"parent":0,"menu_order":0,"comment_status":"closed","ping_status":"closed","template":"","meta":{"iawp_total_views":3,"footnotes":""},"class_list":["post-2","page","type-page","status-publish","hentry"],"_links":{"self":[{"href":"https:\/\/theflordelamar.com\/index.php?rest_route=\/wp\/v2\/pages\/2","targetHints":{"allow":["GET"]}}],"collection":[{"href":"https:\/\/theflordelamar.com\/index.php?rest_route=\/wp\/v2\/pages"}],"about":[{"href":"https:\/\/theflordelamar.com\/index.php?rest_route=\/wp\/v2\/types\/page"}],"author":[{"embeddable":true,"href":"https:\/\/theflordelamar.com\/index.php?rest_route=\/wp\/v2\/users\/1"}],"replies":[{"embeddable":true,"href":"https:\/\/theflordelamar.com\/index.php?rest_route=%2Fwp%2Fv2%2Fcomments&post=2"}],"version-history":[{"count":2,"href":"https:\/\/theflordelamar.com\/index.php?rest_route=\/wp\/v2\/pages\/2\/revisions"}],"predecessor-version":[{"id":10004,"href":"https:\/\/theflordelamar.com\/index.php?rest_route=\/wp\/v2\/pages\/2\/revisions\/10004"}],"wp:attachment":[{"href":"https:\/\/theflordelamar.com\/index.php?rest_route=%2Fwp%2Fv2%2Fmedia&parent=2"}],"curies":[{"name":"wp","href":"https:\/\/api.w.org\/{rel}","templated":true}]}}