{"id":4053,"date":"2024-12-02T12:40:20","date_gmt":"2024-12-02T12:40:20","guid":{"rendered":"http:\/\/192.168.0.134:10017\/?page_id=4053"},"modified":"2025-05-26T10:42:37","modified_gmt":"2025-05-26T10:42:37","slug":"hakkimizda","status":"publish","type":"page","link":"https:\/\/theflordelamar.com\/?page_id=4053","title":{"rendered":"Hakk\u0131m\u0131zda"},"content":{"rendered":"\t\t<div data-elementor-type=\"wp-page\" data-elementor-id=\"4053\" class=\"elementor elementor-4053\" data-elementor-post-type=\"page\">\n\t\t\t\t<div class=\"no-position  elementor-element elementor-element-2329d2c e-flex e-con-boxed e-con e-parent\" data-id=\"2329d2c\" data-element_type=\"container\" data-settings=\"{&quot;background_background&quot;:&quot;classic&quot;}\">\n\t\t\t\t\t<div class=\"e-con-inner\">\n\t\t\t\t<div class=\"elementor-element elementor-element-314d3ae gsap-move-no rs-tween_max_btn-no elementor-widget elementor-widget-page-title\" data-id=\"314d3ae\" data-element_type=\"widget\" data-settings=\"{&quot;align&quot;:&quot;center&quot;}\" data-widget_type=\"page-title.default\">\n\t\t\t\t<div class=\"elementor-widget-container\">\n\t\t\t\t\t\t\t\n\t\t<div class=\"hfe-page-title hfe-page-title-wrapper elementor-widget-heading\">\n\t\t\t\n\t\t\t<h1 class=\"elementor-heading-title elementor-size\">\n\t\t\t\tHakk\u0131m\u0131zda\t\t\t<\/h1 > \n\n\t\t\t\t\t\t\t\t<\/div>\n\t\t\t\t\t\t<\/div>\n\t\t\t\t<\/div>\n\t\t\t\t<div class=\"elementor-element elementor-element-1014640 gsap-move-no rs-tween_max_btn-no elementor-widget elementor-widget-rs-breadcrumb\" data-id=\"1014640\" data-element_type=\"widget\" data-widget_type=\"rs-breadcrumb.default\">\n\t\t\t\t<div class=\"elementor-widget-container\">\n\t\t\t\t\t                    <div class=\"breadcrumb-area style3\"> \n                <div class=\"breadcrumbs-inner\"> \n                    <!-- Breadcrumb NavXT 7.4.1 -->\n<span property=\"itemListElement\" typeof=\"ListItem\"><a property=\"item\" typeof=\"WebPage\" title=\"Go to The Flordelamar.\" href=\"https:\/\/theflordelamar.com\" class=\"home\" aria-current=\"page\"><span property=\"name\">The Flordelamar<\/span><\/a><meta property=\"position\" content=\"1\"><\/span>                <\/div>\n            <\/div> \n          \n    \t\t\t\t<\/div>\n\t\t\t\t<\/div>\n\t\t\t\t\t<\/div>\n\t\t\t\t<\/div>\n\t\t<div class=\"no-position  elementor-element elementor-element-8794197 e-flex e-con-boxed e-con e-parent\" data-id=\"8794197\" data-element_type=\"container\">\n\t\t\t\t\t<div class=\"e-con-inner\">\n\t\t\t\t<div class=\"elementor-element elementor-element-39c6f38 gsap-move-no rs-tween_max_btn-no elementor-widget elementor-widget-image\" data-id=\"39c6f38\" data-element_type=\"widget\" data-widget_type=\"image.default\">\n\t\t\t\t<div class=\"elementor-widget-container\">\n\t\t\t\t\t\t\t\t\t\t\t\t\t\t\t<img fetchpriority=\"high\" decoding=\"async\" width=\"250\" height=\"300\" src=\"https:\/\/theflordelamar.com\/wp-content\/uploads\/2024\/11\/FORDELAMAR-LOGOneu-250x300.png\" class=\"attachment-medium size-medium wp-image-10885\" alt=\"\" srcset=\"https:\/\/theflordelamar.com\/wp-content\/uploads\/2024\/11\/FORDELAMAR-LOGOneu-250x300.png 250w, https:\/\/theflordelamar.com\/wp-content\/uploads\/2024\/11\/FORDELAMAR-LOGOneu.png 649w\" sizes=\"(max-width: 250px) 100vw, 250px\" \/>\t\t\t\t\t\t\t\t\t\t\t\t\t\t\t<\/div>\n\t\t\t\t<\/div>\n\t\t\t\t\t<\/div>\n\t\t\t\t<\/div>\n\t\t<div class=\"no-position  elementor-element elementor-element-47ae236 e-flex e-con-boxed e-con e-parent\" data-id=\"47ae236\" data-element_type=\"container\">\n\t\t\t\t\t<div class=\"e-con-inner\">\n\t\t\t\t<div class=\"elementor-element elementor-element-19a4d2c gsap-move-no rs-tween_max_btn-no elementor-widget elementor-widget-text-editor\" data-id=\"19a4d2c\" data-element_type=\"widget\" data-widget_type=\"text-editor.default\">\n\t\t\t\t<div class=\"elementor-widget-container\">\n\t\t\t\t\t\t\t\t\t<p data-start=\"129\" data-end=\"501\">Proje Y\u00f6netim Ortakl\u0131\u011f\u0131; denizcilik, arkeoloji ve yat\u0131r\u0131m alanlar\u0131nda uzmanla\u015fm\u0131\u015f, disiplinler aras\u0131 bir yakla\u015f\u0131mla faaliyet g\u00f6steren yenilik\u00e7i bir proje y\u00f6netimi giri\u015fimidir. Kurulu\u015fumuzun temel hedefi, k\u00fclt\u00fcrel miras\u0131n korunmas\u0131 ve bilimsel y\u00f6ntemlerle g\u00fcn y\u00fcz\u00fcne \u00e7\u0131kar\u0131lmas\u0131 s\u00fcrecinde \u00f6nc\u00fc bir rol \u00fcstlenerek, ayn\u0131 zamanda s\u00fcrd\u00fcr\u00fclebilir yat\u0131r\u0131m f\u0131rsatlar\u0131 yaratmakt\u0131r.<\/p><p data-start=\"503\" data-end=\"842\">Bu vizyon do\u011frultusunda, d\u00fcnyan\u0131n en de\u011ferli bat\u0131k hazinelerinden biri olarak kabul edilen <em data-start=\"594\" data-end=\"610\">Flor de la Mar<\/em> gemisinin kurtar\u0131lmas\u0131 projesini y\u00fcr\u00fctmekteyiz. Bu tarihi giri\u015fim, yaln\u0131zca maddi de\u011fer ta\u015f\u0131yan bir ke\u015fif de\u011fil; ayn\u0131 zamanda tarih, arkeoloji ve denizcilik bilimlerine \u00f6nemli katk\u0131lar sunmay\u0131 ama\u00e7layan \u00e7ok katmanl\u0131 bir \u00e7al\u0131\u015fmad\u0131r.<\/p><p data-start=\"844\" data-end=\"1222\">Projemiz, uluslararas\u0131 alanda tan\u0131nan, alan\u0131nda lider bat\u0131k kurtarma \u015firketleri ile stratejik i\u015f birlikleri \u00e7er\u00e7evesinde y\u00fcr\u00fct\u00fclmektedir. Modern teknoloji, ileri seviye denizalt\u0131 arama sistemleri ve bilimsel ara\u015ft\u0131rma metodolojileri ile desteklenen operasyonlar\u0131m\u0131z, hem akademik d\u00fcnyaya katk\u0131 sa\u011flamay\u0131 hem de yat\u0131r\u0131mc\u0131lar\u0131m\u0131z i\u00e7in y\u00fcksek katma de\u011fer yaratmay\u0131 hedeflemektedir.<\/p><p data-start=\"1224\" data-end=\"1428\">Proje Y\u00f6netim Ortakl\u0131\u011f\u0131 olarak, tarihi miras\u0131n g\u00fcn y\u00fcz\u00fcne \u00e7\u0131kar\u0131lmas\u0131nda bilimsel titizli\u011fi ve etik de\u011ferleri esas al\u0131yor; bu de\u011ferli s\u00fcreci, \u015feffafl\u0131k ve profesyonellik ilkeleri \u00e7er\u00e7evesinde y\u00fcr\u00fct\u00fcyoruz.<\/p>\t\t\t\t\t\t\t\t<\/div>\n\t\t\t\t<\/div>\n\t\t\t\t\t<\/div>\n\t\t\t\t<\/div>\n\t\t\t\t<\/div>\n\t\t","protected":false},"excerpt":{"rendered":"<p>Hakk\u0131m\u0131zda The Flordelamar Proje Y\u00f6netim Ortakl\u0131\u011f\u0131; denizcilik, arkeoloji ve yat\u0131r\u0131m alanlar\u0131nda uzmanla\u015fm\u0131\u015f, disiplinler aras\u0131 bir yakla\u015f\u0131mla faaliyet g\u00f6steren yenilik\u00e7i bir proje y\u00f6netimi giri\u015fimidir. Kurulu\u015fumuzun temel hedefi, k\u00fclt\u00fcrel miras\u0131n korunmas\u0131 ve bilimsel y\u00f6ntemlerle g\u00fcn y\u00fcz\u00fcne \u00e7\u0131kar\u0131lmas\u0131 s\u00fcrecinde \u00f6nc\u00fc bir rol \u00fcstlenerek, ayn\u0131 zamanda s\u00fcrd\u00fcr\u00fclebilir yat\u0131r\u0131m f\u0131rsatlar\u0131 yaratmakt\u0131r. Bu vizyon do\u011frultusunda, d\u00fcnyan\u0131n en de\u011ferli bat\u0131k hazinelerinden biri&#8230;<\/p>\n","protected":false},"author":1,"featured_media":0,"parent":0,"menu_order":0,"comment_status":"closed","ping_status":"closed","template":"elementor_header_footer","meta":{"iawp_total_views":8,"footnotes":""},"class_list":["post-4053","page","type-page","status-publish","hentry"],"_links":{"self":[{"href":"https:\/\/theflordelamar.com\/index.php?rest_route=\/wp\/v2\/pages\/4053","targetHints":{"allow":["GET"]}}],"collection":[{"href":"https:\/\/theflordelamar.com\/index.php?rest_route=\/wp\/v2\/pages"}],"about":[{"href":"https:\/\/theflordelamar.com\/index.php?rest_route=\/wp\/v2\/types\/page"}],"author":[{"embeddable":true,"href":"https:\/\/theflordelamar.com\/index.php?rest_route=\/wp\/v2\/users\/1"}],"replies":[{"embeddable":true,"href":"https:\/\/theflordelamar.com\/index.php?rest_route=%2Fwp%2Fv2%2Fcomments&post=4053"}],"version-history":[{"count":5,"href":"https:\/\/theflordelamar.com\/index.php?rest_route=\/wp\/v2\/pages\/4053\/revisions"}],"predecessor-version":[{"id":10892,"href":"https:\/\/theflordelamar.com\/index.php?rest_route=\/wp\/v2\/pages\/4053\/revisions\/10892"}],"wp:attachment":[{"href":"https:\/\/theflordelamar.com\/index.php?rest_route=%2Fwp%2Fv2%2Fmedia&parent=4053"}],"curies":[{"name":"wp","href":"https:\/\/api.w.org\/{rel}","templated":true}]}}