{"id":87,"date":"2024-11-17T11:32:40","date_gmt":"2024-11-17T11:32:40","guid":{"rendered":"http:\/\/192.168.0.134:10017\/?page_id=87"},"modified":"2025-05-26T08:57:27","modified_gmt":"2025-05-26T08:57:27","slug":"hikayemiz","status":"publish","type":"page","link":"https:\/\/theflordelamar.com\/?page_id=87","title":{"rendered":"Hikayemiz"},"content":{"rendered":"\t\t<div data-elementor-type=\"wp-page\" data-elementor-id=\"87\" class=\"elementor elementor-87\" data-elementor-post-type=\"page\">\n\t\t\t\t<div class=\"no-position  elementor-element elementor-element-58e0504 e-flex e-con-boxed e-con e-parent\" data-id=\"58e0504\" data-element_type=\"container\" data-settings=\"{&quot;background_background&quot;:&quot;classic&quot;}\">\n\t\t\t\t\t<div class=\"e-con-inner\">\n\t\t\t\t<div class=\"elementor-element elementor-element-f0a43c1 gsap-move-no rs-tween_max_btn-no elementor-widget elementor-widget-page-title\" data-id=\"f0a43c1\" data-element_type=\"widget\" data-settings=\"{&quot;align&quot;:&quot;center&quot;}\" data-widget_type=\"page-title.default\">\n\t\t\t\t<div class=\"elementor-widget-container\">\n\t\t\t\t\t\t\t\n\t\t<div class=\"hfe-page-title hfe-page-title-wrapper elementor-widget-heading\">\n\t\t\t\n\t\t\t<h1 class=\"elementor-heading-title elementor-size\">\n\t\t\t\tHikayemiz\t\t\t<\/h1 > \n\n\t\t\t\t\t\t\t\t<\/div>\n\t\t\t\t\t\t<\/div>\n\t\t\t\t<\/div>\n\t\t\t\t<div class=\"elementor-element elementor-element-a3f055a gsap-move-no rs-tween_max_btn-no elementor-widget elementor-widget-rs-breadcrumb\" data-id=\"a3f055a\" data-element_type=\"widget\" data-widget_type=\"rs-breadcrumb.default\">\n\t\t\t\t<div class=\"elementor-widget-container\">\n\t\t\t\t\t                    <div class=\"breadcrumb-area style3\"> \n                <div class=\"breadcrumbs-inner\"> \n                    <!-- Breadcrumb NavXT 7.4.1 -->\n<span property=\"itemListElement\" typeof=\"ListItem\"><a property=\"item\" typeof=\"WebPage\" title=\"Go to The Flordelamar.\" href=\"https:\/\/theflordelamar.com\" class=\"home\" aria-current=\"page\"><span property=\"name\">The Flordelamar<\/span><\/a><meta property=\"position\" content=\"1\"><\/span>                <\/div>\n            <\/div> \n          \n    \t\t\t\t<\/div>\n\t\t\t\t<\/div>\n\t\t\t\t\t<\/div>\n\t\t\t\t<\/div>\n\t\t<div class=\"no-position  elementor-element elementor-element-cc3ed8b e-flex e-con-boxed e-con e-parent\" data-id=\"cc3ed8b\" data-element_type=\"container\" data-settings=\"{&quot;background_background&quot;:&quot;classic&quot;}\">\n\t\t\t\t\t<div class=\"e-con-inner\">\n\t\t<div class=\"no-position  elementor-element elementor-element-c97cd55 e-con-full e-flex e-con e-child\" data-id=\"c97cd55\" data-element_type=\"container\">\n\t\t\t\t<div class=\"elementor-element elementor-element-0a01ca1 gsap-move-no rs-tween_max_btn-no elementor-widget elementor-widget-rs-heading\" data-id=\"0a01ca1\" data-element_type=\"widget\" data-widget_type=\"rs-heading.default\">\n\t\t\t\t<div class=\"elementor-widget-container\">\n\t\t\t\t\t\n\t\t<div class=\"prelements-heading style1    animate-\">\n\t\t\t<div class=\"title-inner\">\n\t\t\t\t\t\t\t\t\t<span class=\"sub-text\">\n\t\t\t\t\t\t<svg xmlns=\"http:\/\/www.w3.org\/2000\/svg\" width=\"25\" height=\"9\" viewBox=\"0 0 25 9\" fill=\"none\"><path d=\"M0 0H9V9H0V0Z\" fill=\"#1BBBFF\"><\/path><path d=\"M9 4H25V5H9V4Z\" fill=\"#1BBBFF\"><\/path><\/svg>Hikayemiz<svg xmlns=\"http:\/\/www.w3.org\/2000\/svg\" width=\"25\" height=\"9\" viewBox=\"0 0 25 9\" fill=\"none\"><path d=\"M25 0H16V9H25V0Z\" fill=\"#1BBBFF\"><\/path><path d=\"M16 4H0V5H16V4Z\" fill=\"#1BBBFF\"><\/path><\/svg>\t\t\t\t\t<\/span>\n\t\t\t\t<h2 class=\"title rs-split-text-enable split-in-left\">Flor de la Mar<\/h2>\n\t\t\t<\/div>\n\t\t\t\t\t\t\t<div class=\"description\">\n\t\t\t\t\t<p data-start=\"144\" data-end=\"516\">1511 y\u0131l\u0131nda, d\u00f6nemin en b\u00fcy\u00fck ve en ihti\u015faml\u0131 ticaret gemisi olan Flor de la Mar, Malacca\u2019dan Portekiz\u2019e do\u011fru yola \u00e7\u0131kt\u0131\u011f\u0131nda, yaln\u0131zca alt\u0131n ve m\u00fccevher de\u011fil, bir imparatorlu\u011fun hayalini ta\u015f\u0131yordu. Ancak yolculuk, Sumatra a\u00e7\u0131klar\u0131nda patlayan \u015fiddetli bir f\u0131rt\u0131nayla trajik bir sona d\u00f6n\u00fc\u015ft\u00fc. Gemi, ta\u015f\u0131d\u0131\u011f\u0131 devasa hazineyle birlikte denizin derinliklerine g\u00f6m\u00fcld\u00fc.<\/p><p data-start=\"518\" data-end=\"668\">Bug\u00fcn, Flor de la Mar h\u00e2l\u00e2 ke\u015ffedilmeyi bekliyor. Y\u00fczeyin alt\u0131ndaki bu sessiz miras, hem tarih\u00ee hem de k\u00fclt\u00fcrel olarak benzersiz bir de\u011fere sahip.<\/p><p data-start=\"670\" data-end=\"935\">Bizler, bu sessizli\u011fe son vermek, tarihin tozlu sayfalar\u0131nda kaybolmu\u015f bu hik\u00e2yeyi yeniden yazmak i\u00e7in buraday\u0131z. Alan\u0131nda lider bir bat\u0131k kurtarma firmas\u0131yla birlikte, bilimsel y\u00f6ntemler ve ileri deniz teknolojileriyle bu ola\u011fan\u00fcst\u00fc projeyi hayata ge\u00e7iriyoruz.<\/p><p data-start=\"937\" data-end=\"1145\">Ve \u015fimdi sizi de bu b\u00fcy\u00fck yolculu\u011fun bir par\u00e7as\u0131 olmaya davet ediyoruz.<br data-start=\"1008\" data-end=\"1011\" \/>Flor de la Mar\u2019\u0131n yeniden ke\u015ffi, sadece bir kurtarma operasyonu de\u011fil; tarihe, k\u00fclt\u00fcre ve insanl\u0131\u011fa yap\u0131lacak kal\u0131c\u0131 bir katk\u0131d\u0131r.<\/p>\t\t\t\t<\/div>\n\t\t\t\t\t<\/div>\n\t\t\t\t<\/div>\n\t\t\t\t<\/div>\n\t\t<div class=\"no-position  elementor-element elementor-element-265d01c e-con-full e-flex e-con e-child\" data-id=\"265d01c\" data-element_type=\"container\">\n\t\t\t\t<div class=\"elementor-element elementor-element-02e99eb gsap-move-no rs-tween_max_btn-no elementor-widget elementor-widget-image\" data-id=\"02e99eb\" data-element_type=\"widget\" data-widget_type=\"image.default\">\n\t\t\t\t<div class=\"elementor-widget-container\">\n\t\t\t\t\t\t\t\t\t\t\t\t\t\t\t<img decoding=\"async\" width=\"137\" height=\"97\" src=\"https:\/\/theflordelamar.com\/wp-content\/uploads\/2024\/11\/sign-1.png\" class=\"attachment-large size-large wp-image-241\" alt=\"\" \/>\t\t\t\t\t\t\t\t\t\t\t\t\t\t\t<\/div>\n\t\t\t\t<\/div>\n\t\t\t\t<\/div>\n\t\t\t\t<\/div>\n\t\t<div class=\"no-position  elementor-element elementor-element-92ab8eb e-con-full e-flex e-con e-child\" data-id=\"92ab8eb\" data-element_type=\"container\">\n\t\t\r\n            <style>\r\n                .elementor-element-b581644::before{\n    position: absolute;\n    content: \"\";\n    right: 0;\n    top: -30px;\n    width: 0;\n    height: 0;\n      border-bottom: 30px solid var( --e-global-color-27b2ae3 );\n      border-right: 30px solid transparent;\n    z-index: 9;\n    left: auto;\n}            <\/style>\r\n\r\n        <div class=\"no-position  elementor-element elementor-element-b581644 e-con-full e-transform e-flex e-con e-child\" data-id=\"b581644\" data-element_type=\"container\" data-settings=\"{&quot;background_background&quot;:&quot;classic&quot;,&quot;position&quot;:&quot;absolute&quot;,&quot;_transform_translateX_effect&quot;:{&quot;unit&quot;:&quot;px&quot;,&quot;size&quot;:-76,&quot;sizes&quot;:[]},&quot;_transform_translateX_effect_laptop&quot;:{&quot;unit&quot;:&quot;px&quot;,&quot;size&quot;:&quot;&quot;,&quot;sizes&quot;:[]},&quot;_transform_translateX_effect_tablet&quot;:{&quot;unit&quot;:&quot;px&quot;,&quot;size&quot;:&quot;&quot;,&quot;sizes&quot;:[]},&quot;_transform_translateX_effect_mobile&quot;:{&quot;unit&quot;:&quot;px&quot;,&quot;size&quot;:&quot;&quot;,&quot;sizes&quot;:[]},&quot;_transform_translateY_effect&quot;:{&quot;unit&quot;:&quot;px&quot;,&quot;size&quot;:&quot;&quot;,&quot;sizes&quot;:[]},&quot;_transform_translateY_effect_laptop&quot;:{&quot;unit&quot;:&quot;px&quot;,&quot;size&quot;:&quot;&quot;,&quot;sizes&quot;:[]},&quot;_transform_translateY_effect_tablet&quot;:{&quot;unit&quot;:&quot;px&quot;,&quot;size&quot;:&quot;&quot;,&quot;sizes&quot;:[]},&quot;_transform_translateY_effect_mobile&quot;:{&quot;unit&quot;:&quot;px&quot;,&quot;size&quot;:&quot;&quot;,&quot;sizes&quot;:[]}}\">\n\t\t\t\t<div class=\"elementor-element elementor-element-5ff38af gsap-move-no rs-tween_max_btn-no elementor-widget elementor-widget-rs-counter\" data-id=\"5ff38af\" data-element_type=\"widget\" data-widget_type=\"rs-counter.default\">\n\t\t\t\t<div class=\"elementor-widget-container\">\n\t\t\t\t\t\t\t\t\t\t<div class=\"counter-top-area\">\r\n\t\t\t\t<div class=\"rs-counter-list\">\r\n\t\t\t\t\t\t\t\t\t\t<div class=\"count-text\">\r\n\t\t\t\t\t\t<div class=\"count-number\">\r\n\t\t\t\t\t\t\t\t\t\t\t\t\t\t\t<span class=\"rs-counter odometer\" data-count=\"25\">00<\/span>\r\n\t\t\t\t\t\t\t\t\t\t\t\t\t<\/div>\r\n\t\t\t\t\t\t\t\t\t\t\t\t\t<span class=\"title\">Deneyim Y\u0131llar\u0131<\/span>\r\n\t\t\t\t\t\t\t\t\t\t\t<\/div>\r\n\t\t\t\t<\/div>\r\n\t\t\t<\/div>\r\n\t\t\t\t\t\t<\/div>\n\t\t\t\t<\/div>\n\t\t\t\t<\/div>\n\t\t\t\t<div class=\"elementor-element elementor-element-ce3466c elementor-absolute gsap-move-no rs-tween_max_btn-no elementor-widget elementor-widget-rs-image\" data-id=\"ce3466c\" data-element_type=\"widget\" data-settings=\"{&quot;_position&quot;:&quot;absolute&quot;}\" data-widget_type=\"rs-image.default\">\n\t\t\t\t<div class=\"elementor-widget-container\">\n\t\t\t\t\t\n        <div class=\"rs-image no ruler_image_no ruler_position_  \">\n                                                            <img decoding=\"async\" class=\"rs-multi-image  reverse- blend_unset\" src=\"https:\/\/logitic.rstheme.com\/logistics\/wp-content\/uploads\/2024\/11\/about-line.png\" alt=\"about-line\"\/>\n                                                                        <\/div>   \n          \n    \t\t\t\t<\/div>\n\t\t\t\t<\/div>\n\t\t\t\t<div class=\"elementor-element elementor-element-e2bc801 elementor-widget-tablet__width-inherit gsap-move-no rs-tween_max_btn-no elementor-widget elementor-widget-rs-image\" data-id=\"e2bc801\" data-element_type=\"widget\" data-widget_type=\"rs-image.default\">\n\t\t\t\t<div class=\"elementor-widget-container\">\n\t\t\t\t\t\n        <div class=\"rs-image no ruler_image_no ruler_position_  \">\n                                                            <img decoding=\"async\" class=\"rs-multi-image  reverse- blend_unset\" src=\"https:\/\/theflordelamar.com\/wp-content\/uploads\/2025\/05\/theflordelamar3.jpg\" alt=\"theflordelamar3\"\/>\n                                                                        <\/div>   \n          \n    \t\t\t\t<\/div>\n\t\t\t\t<\/div>\n\t\t\t\t<div class=\"elementor-element elementor-element-7b2cf38 elementor-absolute gsap-move-no rs-tween_max_btn-no elementor-widget elementor-widget-rs-image\" data-id=\"7b2cf38\" data-element_type=\"widget\" data-settings=\"{&quot;_position&quot;:&quot;absolute&quot;}\" data-widget_type=\"rs-image.default\">\n\t\t\t\t<div class=\"elementor-widget-container\">\n\t\t\t\t\t\n        <div class=\"rs-image no ruler_image_no ruler_position_  \">\n                                                            <img decoding=\"async\" class=\"rs-multi-image  reverse- blend_unset\" src=\"https:\/\/theflordelamar.com\/wp-content\/uploads\/2025\/05\/theflordelamar.jpg\" alt=\"theflordelamar\"\/>\n                                                                        <\/div>   \n          \n    \t\t\t\t<\/div>\n\t\t\t\t<\/div>\n\t\t\t\t<\/div>\n\t\t\t\t\t<\/div>\n\t\t\t\t<\/div>\n\t\t<div class=\"no-position  elementor-element elementor-element-0d3a309 e-con-full e-flex e-con e-parent\" data-id=\"0d3a309\" data-element_type=\"container\">\n\t\t<div class=\"no-position  elementor-element elementor-element-aaba4da e-con-full e-flex e-con e-child\" data-id=\"aaba4da\" data-element_type=\"container\">\n\t\t\t\t<div class=\"elementor-element elementor-element-6a0f6a2 gsap-move-no rs-tween_max_btn-no elementor-widget elementor-widget-rs-gsap-marquee-slide\" data-id=\"6a0f6a2\" data-element_type=\"widget\" data-widget_type=\"rs-gsap-marquee-slide.default\">\n\t\t\t\t<div class=\"elementor-widget-container\">\n\t\t\t\t\t    <div class=\"rs-marquee-slider-gsap rotate-anim\">\n        <div class=\"gsap-marquee right speed-30 move-to-1000\">\n            <div class=\"marquee-wrapper\">\n                <div class=\"slider-item image\">\n                    \n                                                <div class=\"marquee-item\">\n                                <p class=\"stroke-style\">Bir Efsanenin \u0130zinde: Flor de la Mar<\/p>\n                                                        <div class=\"image-wrapper\">\n                                <img fetchpriority=\"high\" decoding=\"async\" width=\"741\" height=\"805\" src=\"https:\/\/theflordelamar.com\/wp-content\/uploads\/2024\/11\/FORDELAMAR-LOGO.png\" class=\"attachment-  size- \" alt=\"\" srcset=\"https:\/\/theflordelamar.com\/wp-content\/uploads\/2024\/11\/FORDELAMAR-LOGO.png 741w, https:\/\/theflordelamar.com\/wp-content\/uploads\/2024\/11\/FORDELAMAR-LOGO-276x300.png 276w\" sizes=\"(max-width: 741px) 100vw, 741px\" \/>                            <\/div>\n                        <\/div>\n                                        <\/div>\n            <\/div>\n        <\/div>\n    <\/div>\n    <script>\n        document.addEventListener(\"DOMContentLoaded\", () => {\n    const slidingDiv = document.querySelector(\".slider-item.image .marquee-item .image-wrapper\");\n\n    const observer = new IntersectionObserver(\n        (entries) => {\n            entries.forEach((entry) => {\n                if (entry.isIntersecting) {\n                    slidingDiv.classList.add(\"in-screen\");\n                } else {\n                    slidingDiv.classList.remove(\"in-screen\");\n                }\n            });\n        },\n        {\n            threshold: 0.5,\n        }\n    );\n\n    \/\/ Observe the element\n    observer.observe(slidingDiv);\n\n    \/\/ Check immediately if it's in horizontal view on load\n    const rect = slidingDiv.getBoundingClientRect();\n    const isInHorizontalViewport =\n        rect.left >= 0 &&\n        rect.right <= (window.innerWidth || document.documentElement.clientWidth);\n\n    if (isInHorizontalViewport) {\n        slidingDiv.classList.add(\"in-screen\");\n    }\n});\n\n    <\/script>\n    \t\t\t\t<\/div>\n\t\t\t\t<\/div>\n\t\t\t\t<\/div>\n\t\t\t\t<\/div>\n\t\t<div class=\"no-position  elementor-element elementor-element-d3bfa15 e-flex e-con-boxed e-con e-parent\" data-id=\"d3bfa15\" data-element_type=\"container\" data-settings=\"{&quot;background_background&quot;:&quot;classic&quot;}\">\n\t\t\t\t\t<div class=\"e-con-inner\">\n\t\t<div class=\"no-position  elementor-element elementor-element-3d7c0fb e-con-full e-flex e-con e-child\" data-id=\"3d7c0fb\" data-element_type=\"container\" data-settings=\"{&quot;background_background&quot;:&quot;classic&quot;}\">\n\t\t\t\t<div class=\"elementor-element elementor-element-fdd6e0f gsap-move-no rs-tween_max_btn-no elementor-widget elementor-widget-rs-counter\" data-id=\"fdd6e0f\" data-element_type=\"widget\" data-widget_type=\"rs-counter.default\">\n\t\t\t\t<div class=\"elementor-widget-container\">\n\t\t\t\t\t\t\t\t\t\t<div class=\"counter-top-area\">\r\n\t\t\t\t<div class=\"rs-counter-list\">\r\n\t\t\t\t\t\t\t\t\t\t<div class=\"count-text\">\r\n\t\t\t\t\t\t<div class=\"count-number\">\r\n\t\t\t\t\t\t\t\t\t\t\t\t\t\t\t<span class=\"rs-counter odometer\" data-count=\"650\">000<\/span>\r\n\t\t\t\t\t\t\t\t\t\t\t\t\t\t\t<span class=\"prefix\">\r\n\t\t\t\t\t\t\t\t\t+\t\t\t\t\t\t\t\t<\/span>\r\n\t\t\t\t\t\t\t\t\t\t\t\t\t<\/div>\r\n\t\t\t\t\t\t\t\t\t\t\t\t\t<span class=\"title\">Kazanan \u00d6d\u00fcller<\/span>\r\n\t\t\t\t\t\t\t\t\t\t\t<\/div>\r\n\t\t\t\t<\/div>\r\n\t\t\t<\/div>\r\n\t\t\t\t\t\t<\/div>\n\t\t\t\t<\/div>\n\t\t\t\t<div class=\"elementor-element elementor-element-936dcae gsap-move-no rs-tween_max_btn-no elementor-widget elementor-widget-rs-counter\" data-id=\"936dcae\" data-element_type=\"widget\" data-widget_type=\"rs-counter.default\">\n\t\t\t\t<div class=\"elementor-widget-container\">\n\t\t\t\t\t\t\t\t\t\t<div class=\"counter-top-area\">\r\n\t\t\t\t<div class=\"rs-counter-list\">\r\n\t\t\t\t\t\t\t\t\t\t<div class=\"count-text\">\r\n\t\t\t\t\t\t<div class=\"count-number\">\r\n\t\t\t\t\t\t\t\t\t\t\t\t\t\t\t<span class=\"rs-counter odometer\" data-count=\"25\">00<\/span>\r\n\t\t\t\t\t\t\t\t\t\t\t\t\t\t\t<span class=\"prefix\">\r\n\t\t\t\t\t\t\t\t\t+\t\t\t\t\t\t\t\t<\/span>\r\n\t\t\t\t\t\t\t\t\t\t\t\t\t<\/div>\r\n\t\t\t\t\t\t\t\t\t\t\t\t\t<span class=\"title\">Y\u0131l Tecr\u00fcbe<\/span>\r\n\t\t\t\t\t\t\t\t\t\t\t<\/div>\r\n\t\t\t\t<\/div>\r\n\t\t\t<\/div>\r\n\t\t\t\t\t\t<\/div>\n\t\t\t\t<\/div>\n\t\t\t\t<div class=\"elementor-element elementor-element-492c54f elementor-widget__width-inherit gsap-move-no rs-tween_max_btn-no elementor-widget elementor-widget-rs-divider\" data-id=\"492c54f\" data-element_type=\"widget\" data-widget_type=\"rs-divider.default\">\n\t\t\t\t<div class=\"elementor-widget-container\">\n\t\t\t\t\t\n\t\t<div class=\"rs-divider\"> <\/div>\n\n\t\t\t\t\t<\/div>\n\t\t\t\t<\/div>\n\t\t\t\t<div class=\"elementor-element elementor-element-9c8a39f gsap-move-no rs-tween_max_btn-no elementor-widget elementor-widget-rs-counter\" data-id=\"9c8a39f\" data-element_type=\"widget\" data-widget_type=\"rs-counter.default\">\n\t\t\t\t<div class=\"elementor-widget-container\">\n\t\t\t\t\t\t\t\t\t\t<div class=\"counter-top-area\">\r\n\t\t\t\t<div class=\"rs-counter-list\">\r\n\t\t\t\t\t\t\t\t\t\t<div class=\"count-text\">\r\n\t\t\t\t\t\t<div class=\"count-number\">\r\n\t\t\t\t\t\t\t\t\t\t\t\t\t\t\t<span class=\"rs-counter odometer\" data-count=\"80\">00<\/span>\r\n\t\t\t\t\t\t\t\t\t\t\t\t\t\t\t<span class=\"prefix\">\r\n\t\t\t\t\t\t\t\t\t+\t\t\t\t\t\t\t\t<\/span>\r\n\t\t\t\t\t\t\t\t\t\t\t\t\t<\/div>\r\n\t\t\t\t\t\t\t\t\t\t\t\t\t<span class=\"title\">Proje Detaylar\u0131 <\/span>\r\n\t\t\t\t\t\t\t\t\t\t\t<\/div>\r\n\t\t\t\t<\/div>\r\n\t\t\t<\/div>\r\n\t\t\t\t\t\t<\/div>\n\t\t\t\t<\/div>\n\t\t\t\t<div class=\"elementor-element elementor-element-33ba7f2 gsap-move-no rs-tween_max_btn-no elementor-widget elementor-widget-rs-button\" data-id=\"33ba7f2\" data-element_type=\"widget\" data-widget_type=\"rs-button.default\">\n\t\t\t\t<div class=\"elementor-widget-container\">\n\t\t\t\t\t\t\t<div class=\"rs-button style1 unique-40133\">\r\n\r\n\t\t\t\r\n\t\t\t\t\t\t\t<a class=\"rs-btn anim-dir-\" href=\"https:\/\/theflordelamar.com\/?page_id=927\" >\t\r\n\t\t\t\t\t<span class=\"\">Bize Ula\u015f\u0131n \r\n\t\t\t\t\t\t\t\t\t\t\t<em>\r\n\t\t\t\t\t\t\t<i aria-hidden=\"true\" class=\"ri-arrow-right-line\"><\/i>\t\t\t\t\t\t\t<i aria-hidden=\"true\" class=\"ri-arrow-right-line\"><\/i>\t\t\t\t\t\t<\/em>\t\r\n\t\t\t\t\t\t\t\t\t\t<\/span>\r\n\t\t\t\t<\/a>\r\n\t\t\t\t\t<\/div>\r\n\t\t\t\t\t<\/div>\n\t\t\t\t<\/div>\n\t\t\t\t<\/div>\n\t\t\t\t\t<\/div>\n\t\t\t\t<\/div>\n\t\t\t\t<\/div>\n\t\t","protected":false},"excerpt":{"rendered":"<p>Hikayemiz The Flordelamar Hikayemiz Flor de la Mar 1511 y\u0131l\u0131nda, d\u00f6nemin en b\u00fcy\u00fck ve en ihti\u015faml\u0131 ticaret gemisi olan Flor de la Mar, Malacca\u2019dan Portekiz\u2019e do\u011fru yola \u00e7\u0131kt\u0131\u011f\u0131nda, yaln\u0131zca alt\u0131n ve m\u00fccevher de\u011fil, bir imparatorlu\u011fun hayalini ta\u015f\u0131yordu. Ancak yolculuk, Sumatra a\u00e7\u0131klar\u0131nda patlayan \u015fiddetli bir f\u0131rt\u0131nayla trajik bir sona d\u00f6n\u00fc\u015ft\u00fc. Gemi, ta\u015f\u0131d\u0131\u011f\u0131 devasa hazineyle birlikte denizin&#8230;<\/p>\n","protected":false},"author":1,"featured_media":0,"parent":0,"menu_order":0,"comment_status":"closed","ping_status":"closed","template":"elementor_header_footer","meta":{"iawp_total_views":10,"footnotes":""},"class_list":["post-87","page","type-page","status-publish","hentry"],"_links":{"self":[{"href":"https:\/\/theflordelamar.com\/index.php?rest_route=\/wp\/v2\/pages\/87","targetHints":{"allow":["GET"]}}],"collection":[{"href":"https:\/\/theflordelamar.com\/index.php?rest_route=\/wp\/v2\/pages"}],"about":[{"href":"https:\/\/theflordelamar.com\/index.php?rest_route=\/wp\/v2\/types\/page"}],"author":[{"embeddable":true,"href":"https:\/\/theflordelamar.com\/index.php?rest_route=\/wp\/v2\/users\/1"}],"replies":[{"embeddable":true,"href":"https:\/\/theflordelamar.com\/index.php?rest_route=%2Fwp%2Fv2%2Fcomments&post=87"}],"version-history":[{"count":5,"href":"https:\/\/theflordelamar.com\/index.php?rest_route=\/wp\/v2\/pages\/87\/revisions"}],"predecessor-version":[{"id":10107,"href":"https:\/\/theflordelamar.com\/index.php?rest_route=\/wp\/v2\/pages\/87\/revisions\/10107"}],"wp:attachment":[{"href":"https:\/\/theflordelamar.com\/index.php?rest_route=%2Fwp%2Fv2%2Fmedia&parent=87"}],"curies":[{"name":"wp","href":"https:\/\/api.w.org\/{rel}","templated":true}]}}